{"id":20,"date":"2017-06-30T09:49:25","date_gmt":"2017-06-30T09:49:25","guid":{"rendered":"http:\/\/www.nicdarkthemes.com\/themes\/hotel\/wp\/demo\/?page_id=20"},"modified":"2017-06-30T09:49:25","modified_gmt":"2017-06-30T09:49:25","slug":"our-news","status":"publish","type":"page","link":"https:\/\/loperadeluxehotel.com\/en\/our-news\/","title":{"rendered":"Our News"},"content":{"rendered":"<div class=\"vc_row wpb_row vc_row-fluid\"><div class=\"wpb_column vc_column_container vc_col-sm-12\"><div class=\"vc_column-inner vc_custom_1499951634504\"><div class=\"wpb_wrapper\"><!--START MASONRY--><div class=\"nd_options_section nd_options_masonry_content\">\n\n\n\t    <div class=\"nd_options_width_33_percentage nd_options_float_left nd_options_padding_15 nd_options_box_sizing_border_box nd_options_masonry_item nd_options_width_100_percentage_responsive\">\n\t\t    <div class=\"nd_options_section nd_options_border_1_solid_grey nd_options_bg_white\">\n\n\t\t        <div class=\"nd_options_section nd_options_position_relative\">\n\t\t            \n\t\t            \n\n\n\t\t  \t<div class=\"nd_options_section nd_options_position_relative\">\n\t\t        <a href=\"https:\/\/loperadeluxehotel.com\/en\/plajlar\/\"><img decoding=\"async\" alt=\"\" class=\"nd_options_section\" src=\"https:\/\/loperadeluxehotel.com\/wp-content\/uploads\/2017\/08\/PLAJLAR.jpg\"><\/a>\n\t\t    <\/div>\n\n\t\t  \t\n\n\t\t        <\/div>\n\n\t\t        <div class=\"nd_options_section nd_options_padding_30 nd_options_box_sizing_border_box\">\n\t\t            <h5 class=\"nd_options_margin_0_important nd_options_padding_0 nd_options_second_font nd_options_color_greydark nd_options_font_size_12 nd_options_text_transform_uppercase nd_options_letter_spacing_3 nd_options_font_weight_lighter\">Aktiviteler <\/h5>\n\n\t\t            <div class=\"nd_options_section nd_options_height_15\"><\/div>\n\t \t\t\t\t<div class=\"nd_options_section nd_options_line_height_0\"><span class=\"nd_options_display_inline_block nd_options_float_left nd_options_bg_greydark nd_options_width_30 nd_options_height_1\"><\/span><\/div>\n\t \t\t\t\t<div class=\"nd_options_section nd_options_height_15\"><\/div>\n\n\t\t            <h2 class=\"nd_options_margin_0_important nd_options_padding_0\">Plajlar<\/h2>\n\t\t            <div class=\"nd_options_section nd_options_height_20\"><\/div>\n\t\t            <p class=\"nd_options_margin_0_important nd_options_padding_0\">Mavi bayrak nitelikli plaj, marina ve yatlara verilen uluslararas\u0131 bir \u00e7evre \u00f6d\u00fcl\u00fcd\u00fcr. Plajlar i\u00e7in 33 mavi bayrak kriteri bulunuyor. Bu kriterler...<\/p>\n\t\t            <div class=\"nd_options_section nd_options_height_20\"><\/div>\n\t\t            <a style=\"border: 2px solid #c19b76;color:#c19b76\" class=\"nd_options_display_inline_block nd_options_line_height_11 nd_options_text_align_center nd_options_box_sizing_border_box nd_options_font_size_11 nd_options_font_weight_bold nd_options_second_font nd_options_padding_15_30\" href=\"https:\/\/loperadeluxehotel.com\/en\/plajlar\/\">READ MORE<\/a>\n\n\t\t        <\/div>\n\n\t\t    <\/div>\n\t\t<\/div>\n\n\n\t  \n\n\n\t    <div class=\"nd_options_width_33_percentage nd_options_float_left nd_options_padding_15 nd_options_box_sizing_border_box nd_options_masonry_item nd_options_width_100_percentage_responsive\">\n\t\t    <div class=\"nd_options_section nd_options_border_1_solid_grey nd_options_bg_white\">\n\n\t\t        <div class=\"nd_options_section nd_options_position_relative\">\n\t\t            \n\t\t            \n\n\n\t\t  \t<div class=\"nd_options_section nd_options_position_relative\">\n\t\t        <a href=\"https:\/\/loperadeluxehotel.com\/en\/zeus-altari\/\"><img decoding=\"async\" alt=\"\" class=\"nd_options_section\" src=\"https:\/\/loperadeluxehotel.com\/wp-content\/uploads\/2017\/08\/ZEUS-ALTARI.jpg\"><\/a>\n\t\t    <\/div>\n\n\t\t  \t\n\n\t\t        <\/div>\n\n\t\t        <div class=\"nd_options_section nd_options_padding_30 nd_options_box_sizing_border_box\">\n\t\t            <h5 class=\"nd_options_margin_0_important nd_options_padding_0 nd_options_second_font nd_options_color_greydark nd_options_font_size_12 nd_options_text_transform_uppercase nd_options_letter_spacing_3 nd_options_font_weight_lighter\">Aktiviteler <\/h5>\n\n\t\t            <div class=\"nd_options_section nd_options_height_15\"><\/div>\n\t \t\t\t\t<div class=\"nd_options_section nd_options_line_height_0\"><span class=\"nd_options_display_inline_block nd_options_float_left nd_options_bg_greydark nd_options_width_30 nd_options_height_1\"><\/span><\/div>\n\t \t\t\t\t<div class=\"nd_options_section nd_options_height_15\"><\/div>\n\n\t\t            <h2 class=\"nd_options_margin_0_important nd_options_padding_0\">Zeus Altar\u0131<\/h2>\n\t\t            <div class=\"nd_options_section nd_options_height_20\"><\/div>\n\t\t            <p class=\"nd_options_margin_0_important nd_options_padding_0\">Tanr\u0131lar Tanr\u0131s\u0131 Zeus\u2019un da burada ya\u015fad\u0131\u011f\u0131 ve sava\u015f\u0131 izleyip y\u00f6netti\u011fi yine bu destanda yer al\u0131r. B\u00f6lgede \u00e7al\u0131\u015fma yapan ara\u015ft\u0131rmac\u0131lar da...<\/p>\n\t\t            <div class=\"nd_options_section nd_options_height_20\"><\/div>\n\t\t            <a style=\"border: 2px solid #c19b76;color:#c19b76\" class=\"nd_options_display_inline_block nd_options_line_height_11 nd_options_text_align_center nd_options_box_sizing_border_box nd_options_font_size_11 nd_options_font_weight_bold nd_options_second_font nd_options_padding_15_30\" href=\"https:\/\/loperadeluxehotel.com\/en\/zeus-altari\/\">READ MORE<\/a>\n\n\t\t        <\/div>\n\n\t\t    <\/div>\n\t\t<\/div>\n\n\n\t  \n\n\n\t    <div class=\"nd_options_width_33_percentage nd_options_float_left nd_options_padding_15 nd_options_box_sizing_border_box nd_options_masonry_item nd_options_width_100_percentage_responsive\">\n\t\t    <div class=\"nd_options_section nd_options_border_1_solid_grey nd_options_bg_white\">\n\n\t\t        <div class=\"nd_options_section nd_options_position_relative\">\n\t\t            \n\t\t            \n\n\n\t\t  \t<div class=\"nd_options_section nd_options_position_relative\">\n\t\t        <a href=\"https:\/\/loperadeluxehotel.com\/en\/kazdaglari-safari-turu\/\"><img decoding=\"async\" alt=\"\" class=\"nd_options_section\" src=\"https:\/\/loperadeluxehotel.com\/wp-content\/uploads\/2017\/08\/KAZ-DAGLARI-JEEP-SAFARI.jpg\"><\/a>\n\t\t    <\/div>\n\n\t\t  \t\n\n\t\t        <\/div>\n\n\t\t        <div class=\"nd_options_section nd_options_padding_30 nd_options_box_sizing_border_box\">\n\t\t            <h5 class=\"nd_options_margin_0_important nd_options_padding_0 nd_options_second_font nd_options_color_greydark nd_options_font_size_12 nd_options_text_transform_uppercase nd_options_letter_spacing_3 nd_options_font_weight_lighter\">Aktiviteler <\/h5>\n\n\t\t            <div class=\"nd_options_section nd_options_height_15\"><\/div>\n\t \t\t\t\t<div class=\"nd_options_section nd_options_line_height_0\"><span class=\"nd_options_display_inline_block nd_options_float_left nd_options_bg_greydark nd_options_width_30 nd_options_height_1\"><\/span><\/div>\n\t \t\t\t\t<div class=\"nd_options_section nd_options_height_15\"><\/div>\n\n\t\t            <h2 class=\"nd_options_margin_0_important nd_options_padding_0\">Kazda\u011flar\u0131 Safari Turu<\/h2>\n\t\t            <div class=\"nd_options_section nd_options_height_20\"><\/div>\n\t\t            <p class=\"nd_options_margin_0_important nd_options_padding_0\">B\u00f6lgemizin ve d\u00fcnyan\u0131n en temiz oksijenlerine sahip olan Kaz Da\u011flar\u0131 ormanlar\u0131 ve do\u011fa harikalar\u0131yla tatil deneyiminizi artt\u0131r\u0131yor...<\/p>\n\t\t            <div class=\"nd_options_section nd_options_height_20\"><\/div>\n\t\t            <a style=\"border: 2px solid #c19b76;color:#c19b76\" class=\"nd_options_display_inline_block nd_options_line_height_11 nd_options_text_align_center nd_options_box_sizing_border_box nd_options_font_size_11 nd_options_font_weight_bold nd_options_second_font nd_options_padding_15_30\" href=\"https:\/\/loperadeluxehotel.com\/en\/kazdaglari-safari-turu\/\">READ MORE<\/a>\n\n\t\t        <\/div>\n\n\t\t    <\/div>\n\t\t<\/div>\n\n\n\t  <\/div><!--CLOSE MASONRY--><\/div><\/div><\/div><\/div>","protected":false},"excerpt":{"rendered":"B\u00f6lgemizin ve d\u00fcnyan\u0131n en temiz oksijenlerine sahip olan Kaz Da\u011flar\u0131 ormanlar\u0131 ve do\u011fa harikalar\u0131yla tatil deneyiminizi artt\u0131r\u0131yor. Kaz Da\u011flar\u0131 tarihi, efsaneleri ve do\u011fas\u0131yla hayranl\u0131k uyand\u0131ran, jip safari turlar\u0131 ile bu do\u011fa harikas\u0131 ormanlar\u0131, g\u00f6letleri, akarsular\u0131 oksijenin kayna\u011f\u0131 Kazda\u011flar\u0131n\u0131 Hasan Bo\u011fuldu ve \u015eahindere Kanyonu gibi bir \u00e7ok do\u011fal harikay\u0131 deneyimleme f\u0131rsat\u0131n\u0131 sizlere sunuyor. Kaz Da\u011flar\u0131 tarihi, [...]","protected":false},"author":2,"featured_media":0,"parent":0,"menu_order":0,"comment_status":"closed","ping_status":"closed","template":"","meta":{"om_disable_all_campaigns":false,"_monsterinsights_skip_tracking":false,"_monsterinsights_sitenote_active":false,"_monsterinsights_sitenote_note":"","_monsterinsights_sitenote_category":0,"footnotes":""},"class_list":["post-20","page","type-page","status-publish","hentry"],"aioseo_notices":[],"_links":{"self":[{"href":"https:\/\/loperadeluxehotel.com\/en\/wp-json\/wp\/v2\/pages\/20","targetHints":{"allow":["GET"]}}],"collection":[{"href":"https:\/\/loperadeluxehotel.com\/en\/wp-json\/wp\/v2\/pages"}],"about":[{"href":"https:\/\/loperadeluxehotel.com\/en\/wp-json\/wp\/v2\/types\/page"}],"author":[{"embeddable":true,"href":"https:\/\/loperadeluxehotel.com\/en\/wp-json\/wp\/v2\/users\/2"}],"replies":[{"embeddable":true,"href":"https:\/\/loperadeluxehotel.com\/en\/wp-json\/wp\/v2\/comments?post=20"}],"version-history":[{"count":0,"href":"https:\/\/loperadeluxehotel.com\/en\/wp-json\/wp\/v2\/pages\/20\/revisions"}],"wp:attachment":[{"href":"https:\/\/loperadeluxehotel.com\/en\/wp-json\/wp\/v2\/media?parent=20"}],"curies":[{"name":"wp","href":"https:\/\/api.w.org\/{rel}","templated":true}]}}