{"id":34,"date":"2017-06-30T09:55:04","date_gmt":"2017-06-30T09:55:04","guid":{"rendered":"http:\/\/www.nicdarkthemes.com\/themes\/hotel\/wp\/demo\/?page_id=34"},"modified":"2023-06-13T11:25:03","modified_gmt":"2023-06-13T08:25:03","slug":"terms-and-conditions","status":"publish","type":"page","link":"https:\/\/loperadeluxehotel.com\/en\/terms-and-conditions\/","title":{"rendered":"Terms and Conditions"},"content":{"rendered":"<div class=\"vc_row wpb_row vc_row-fluid vc_custom_1492612814975\"><div class=\"wpb_column vc_column_container vc_col-sm-8\"><div class=\"vc_column-inner\"><div class=\"wpb_wrapper\"><div style=\"background-color:;height: 40px\" class=\"nicdark_section\"><\/div> <h3 style=\"color:;padding:px;text-align:;font-size:25px;line-height:px;letter-spacing: px;font-weight:\" class=\"\">SIK\u00c7A SORULAN SORULAR<\/h3> <div style=\"background-color:;height: 30px\" class=\"nicdark_section\"><\/div>\n\n    <div class=\"nd_options_section nd_options_toogles_faq\">\n\n      <div class=\"nd_options_section nd_options_box_sizing_border_box\">\n        <p class=\"nd_options_toogle_title nd_options_first_font nd_options_font_size_17 nd_options_position_relative nd_options_padding_right_20 nd_options_padding_top_5 nd_options_padding_left_45 nd_options_padding_bottom_5\">\n          <span style=\"background-color:#c19b76\" class=\"nd_options_cursor_pointer nd_options_text_align_center nd_options_toogle_title_open_383 nd_options_width_25 nd_options_height_25  nd_options_position_absolute nd_options_top_0 nd_options_left_0\">\n            <img decoding=\"async\" alt=\"\" class=\"nd_options_margin_top_6\" width=\"12\" src=\"https:\/\/loperadeluxehotel.com\/wp-content\/plugins\/nd-shortcodes\/shortcodes\/custom\/toogle\/icon-add-white.png\">\n          <\/span> \n          <span style=\"background-color:#c19b76\" class=\"nd_options_cursor_pointer nd_options_text_align_center nd_options_toogle_title_close_383 nd_options_width_25 nd_options_display_none nd_options_height_25  nd_options_position_absolute nd_options_top_0 nd_options_left_0\">\n            <img decoding=\"async\" alt=\"\" class=\"nd_options_margin_top_6\" width=\"12\" src=\"https:\/\/loperadeluxehotel.com\/wp-content\/plugins\/nd-shortcodes\/shortcodes\/custom\/toogle\/icon-less-white.png\">\n          <\/span>\n          Online oda rezervasyonu nas\u0131l \u00f6denir?\n        <\/p>\n      <\/div>\n      \n      <div class=\"nd_options_display_none nd_options_padding_20 nd_options_padding_left_45 nd_options_toogle_content_383 nd_options_section nd_options_box_sizing_border_box\">\n        <p>Ana sayfa \u00fczerinden konaklamay\u0131 d\u00fc\u015f\u00fcnd\u00fc\u011f\u00fcn\u00fcz tarihleri se\u00e7iyorsunuz, uygunlu\u011fu kontrol et k\u0131sm\u0131na t\u0131klad\u0131ktan sonra oda fiyatlar\u0131m\u0131z ve konsept odalar\u0131m\u0131z kar\u015f\u0131n\u0131za \u00e7\u0131kacakt\u0131r, istedi\u011finiz oda konseptini ve oda say\u0131s\u0131n\u0131 se\u00e7erek ileri a\u015famaya ge\u00e7iyorsunuz, bu k\u0131s\u0131mda bilgilerinizi doldurman\u0131z gerekmektesiniz, bilgilerinizi doldurduktan sonra \u00f6deme alan\u0131na y\u00f6nlendirileceksiniz, nas\u0131l \u00f6deme yapmak istedi\u011finizi se\u00e7tikten sonra gerekli bilgileri doldurarak rezervasyonunuzuz tamamlanm\u0131\u015f olacakt\u0131r. \u0130ste\u011finize g\u00f6re 7\/24 \u201c 0266 385 28 28 \u201c numaral\u0131 hatt\u0131m\u0131z\u0131 arayarak destek alabilirsiniz.<\/p>\n      <\/div>\n\n    <\/div>\n\n   <div style=\"background-color:;height: 20px\" class=\"nicdark_section\"><\/div>\n\n    <div class=\"nd_options_section nd_options_toogles_faq\">\n\n      <div class=\"nd_options_section nd_options_box_sizing_border_box\">\n        <p class=\"nd_options_toogle_title nd_options_first_font nd_options_font_size_17 nd_options_position_relative nd_options_padding_right_20 nd_options_padding_top_5 nd_options_padding_left_45 nd_options_padding_bottom_5\">\n          <span style=\"background-color:#c19b76\" class=\"nd_options_cursor_pointer nd_options_text_align_center nd_options_toogle_title_open_653 nd_options_width_25 nd_options_height_25  nd_options_position_absolute nd_options_top_0 nd_options_left_0\">\n            <img decoding=\"async\" alt=\"\" class=\"nd_options_margin_top_6\" width=\"12\" src=\"https:\/\/loperadeluxehotel.com\/wp-content\/plugins\/nd-shortcodes\/shortcodes\/custom\/toogle\/icon-add-white.png\">\n          <\/span> \n          <span style=\"background-color:#c19b76\" class=\"nd_options_cursor_pointer nd_options_text_align_center nd_options_toogle_title_close_653 nd_options_width_25 nd_options_display_none nd_options_height_25  nd_options_position_absolute nd_options_top_0 nd_options_left_0\">\n            <img decoding=\"async\" alt=\"\" class=\"nd_options_margin_top_6\" width=\"12\" src=\"https:\/\/loperadeluxehotel.com\/wp-content\/plugins\/nd-shortcodes\/shortcodes\/custom\/toogle\/icon-less-white.png\">\n          <\/span>\n          Yap\u0131m\u0131zda hangi para birimini kabul ediyoruz?\n        <\/p>\n      <\/div>\n      \n      <div class=\"nd_options_display_none nd_options_padding_20 nd_options_padding_left_45 nd_options_toogle_content_653 nd_options_section nd_options_box_sizing_border_box\">\n        <p>Otelimiz\u2019de TL , EURO, DOLAR, STERL\u0130N , KUVEYT D\u0130NARI, \u0130SV\u0130\u00c7RE FRANGI ile yap\u0131lacak \u00f6demeleri kabul etmekteyiz.<\/p>\n      <\/div>\n\n    <\/div>\n\n   <div style=\"background-color:;height: 20px\" class=\"nicdark_section\"><\/div>\n\n    <div class=\"nd_options_section nd_options_toogles_faq\">\n\n      <div class=\"nd_options_section nd_options_box_sizing_border_box\">\n        <p class=\"nd_options_toogle_title nd_options_first_font nd_options_font_size_17 nd_options_position_relative nd_options_padding_right_20 nd_options_padding_top_5 nd_options_padding_left_45 nd_options_padding_bottom_5\">\n          <span style=\"background-color:#c19b76\" class=\"nd_options_cursor_pointer nd_options_text_align_center nd_options_toogle_title_open_221 nd_options_width_25 nd_options_height_25  nd_options_position_absolute nd_options_top_0 nd_options_left_0\">\n            <img decoding=\"async\" alt=\"\" class=\"nd_options_margin_top_6\" width=\"12\" src=\"https:\/\/loperadeluxehotel.com\/wp-content\/plugins\/nd-shortcodes\/shortcodes\/custom\/toogle\/icon-add-white.png\">\n          <\/span> \n          <span style=\"background-color:#c19b76\" class=\"nd_options_cursor_pointer nd_options_text_align_center nd_options_toogle_title_close_221 nd_options_width_25 nd_options_display_none nd_options_height_25  nd_options_position_absolute nd_options_top_0 nd_options_left_0\">\n            <img decoding=\"async\" alt=\"\" class=\"nd_options_margin_top_6\" width=\"12\" src=\"https:\/\/loperadeluxehotel.com\/wp-content\/plugins\/nd-shortcodes\/shortcodes\/custom\/toogle\/icon-less-white.png\">\n          <\/span>\n          \u00c7ama\u015f\u0131r y\u0131kama hizmeti i\u00e7in k\u0131yafetlerimi nas\u0131l verebilirim?\n        <\/p>\n      <\/div>\n      \n      <div class=\"nd_options_display_none nd_options_padding_20 nd_options_padding_left_45 nd_options_toogle_content_221 nd_options_section nd_options_box_sizing_border_box\">\n        <p>\u00c7ama\u015f\u0131rlar\u0131n\u0131z\u0131 y\u0131kama torbas\u0131n\u0131n i\u00e7erisine koyarak resepsiyon alan\u0131na ileterek kendinize s\u0131ra olu\u015ftura bilirsiniz, resepsiyon g\u00f6revlimizin size verece\u011fi s\u00fcre i\u00e7erisinde \u00e7ama\u015f\u0131rlar\u0131n\u0131z y\u0131kanm\u0131\u015f ve odan\u0131za teslim edilmi\u015f olacakt\u0131r.<\/p>\n      <\/div>\n\n    <\/div>\n\n   <div style=\"background-color:;height: 20px\" class=\"nicdark_section\"><\/div>\n\n    <div class=\"nd_options_section nd_options_toogles_faq\">\n\n      <div class=\"nd_options_section nd_options_box_sizing_border_box\">\n        <p class=\"nd_options_toogle_title nd_options_first_font nd_options_font_size_17 nd_options_position_relative nd_options_padding_right_20 nd_options_padding_top_5 nd_options_padding_left_45 nd_options_padding_bottom_5\">\n          <span style=\"background-color:#c19b76\" class=\"nd_options_cursor_pointer nd_options_text_align_center nd_options_toogle_title_open_74 nd_options_width_25 nd_options_height_25  nd_options_position_absolute nd_options_top_0 nd_options_left_0\">\n            <img decoding=\"async\" alt=\"\" class=\"nd_options_margin_top_6\" width=\"12\" src=\"https:\/\/loperadeluxehotel.com\/wp-content\/plugins\/nd-shortcodes\/shortcodes\/custom\/toogle\/icon-add-white.png\">\n          <\/span> \n          <span style=\"background-color:#c19b76\" class=\"nd_options_cursor_pointer nd_options_text_align_center nd_options_toogle_title_close_74 nd_options_width_25 nd_options_display_none nd_options_height_25  nd_options_position_absolute nd_options_top_0 nd_options_left_0\">\n            <img decoding=\"async\" alt=\"\" class=\"nd_options_margin_top_6\" width=\"12\" src=\"https:\/\/loperadeluxehotel.com\/wp-content\/plugins\/nd-shortcodes\/shortcodes\/custom\/toogle\/icon-less-white.png\">\n          <\/span>\n          \u00c7ocuklar i\u00e7in odaya ilave yatak\/ bebek karyolas\u0131 getirilmesi m\u00fcmk\u00fcn m\u00fc?\n        <\/p>\n      <\/div>\n      \n      <div class=\"nd_options_display_none nd_options_padding_20 nd_options_padding_left_45 nd_options_toogle_content_74 nd_options_section nd_options_box_sizing_border_box\">\n        <p>Evet, m\u00fcmk\u00fcnd\u00fcr. Rezervasyonunuz esnas\u0131nda \u00e7ocu\u011funuzla ilgili bilgileri girmi\u015fseniz ve a\u00e7\u0131klama k\u0131sm\u0131na talebinizi belirtirseniz, tesis ilave yatak veya bebek karyolas\u0131 temin eder. Rezervasyon esnas\u0131nda bilgileri do\u011fru girilen t\u00fcm \u00e7ocuklar\u0131n\u0131z fiyatlara dahildir. Detayl\u0131 bilgi i\u00e7in ileti\u015fim b\u00f6l\u00fcm\u00fcnden destek alabilirsiniz.<\/p>\n      <\/div>\n\n    <\/div>\n\n   <div style=\"background-color:;height: 20px\" class=\"nicdark_section\"><\/div>\n\n    <div class=\"nd_options_section nd_options_toogles_faq\">\n\n      <div class=\"nd_options_section nd_options_box_sizing_border_box\">\n        <p class=\"nd_options_toogle_title nd_options_first_font nd_options_font_size_17 nd_options_position_relative nd_options_padding_right_20 nd_options_padding_top_5 nd_options_padding_left_45 nd_options_padding_bottom_5\">\n          <span style=\"background-color:#c19b76\" class=\"nd_options_cursor_pointer nd_options_text_align_center nd_options_toogle_title_open_749 nd_options_width_25 nd_options_height_25  nd_options_position_absolute nd_options_top_0 nd_options_left_0\">\n            <img decoding=\"async\" alt=\"\" class=\"nd_options_margin_top_6\" width=\"12\" src=\"https:\/\/loperadeluxehotel.com\/wp-content\/plugins\/nd-shortcodes\/shortcodes\/custom\/toogle\/icon-add-white.png\">\n          <\/span> \n          <span style=\"background-color:#c19b76\" class=\"nd_options_cursor_pointer nd_options_text_align_center nd_options_toogle_title_close_749 nd_options_width_25 nd_options_display_none nd_options_height_25  nd_options_position_absolute nd_options_top_0 nd_options_left_0\">\n            <img decoding=\"async\" alt=\"\" class=\"nd_options_margin_top_6\" width=\"12\" src=\"https:\/\/loperadeluxehotel.com\/wp-content\/plugins\/nd-shortcodes\/shortcodes\/custom\/toogle\/icon-less-white.png\">\n          <\/span>\n          Fiyata neler dahil?\n        <\/p>\n      <\/div>\n      \n      <div class=\"nd_options_display_none nd_options_padding_20 nd_options_padding_left_45 nd_options_toogle_content_749 nd_options_section nd_options_box_sizing_border_box\">\n        <p>Konsept olarak oda kahvalt\u0131 hizmeti vermekteyiz. Belirtilen oda konseptini se\u00e7tikten sonra i\u015fletmemizde yararlanaca\u011f\u0131n\u0131z imkanlar ise; Oda i\u00e7erisinde 2 adet \u00c7ay, 2 adet Kahve, 2 adet Su (\u00fccretsiz) Bisiklet hizmeti (\u00fccretsiz) Bah\u00e7e Deluxe Odalar\u0131m\u0131zda 10 kg ya kadar evcil hayvan (\u00fccretsiz) \u0130nternet hizmeti (\u00fccretsiz) \u0130nternete ba\u011flanabilir ak\u0131ll\u0131 TV (\u00fccretsiz)<\/p>\n      <\/div>\n\n    <\/div>\n\n   <div style=\"background-color:;height: 20px\" class=\"nicdark_section\"><\/div>\n\n    <div class=\"nd_options_section nd_options_toogles_faq\">\n\n      <div class=\"nd_options_section nd_options_box_sizing_border_box\">\n        <p class=\"nd_options_toogle_title nd_options_first_font nd_options_font_size_17 nd_options_position_relative nd_options_padding_right_20 nd_options_padding_top_5 nd_options_padding_left_45 nd_options_padding_bottom_5\">\n          <span style=\"background-color:#c19b76\" class=\"nd_options_cursor_pointer nd_options_text_align_center nd_options_toogle_title_open_238 nd_options_width_25 nd_options_height_25  nd_options_position_absolute nd_options_top_0 nd_options_left_0\">\n            <img decoding=\"async\" alt=\"\" class=\"nd_options_margin_top_6\" width=\"12\" src=\"https:\/\/loperadeluxehotel.com\/wp-content\/plugins\/nd-shortcodes\/shortcodes\/custom\/toogle\/icon-add-white.png\">\n          <\/span> \n          <span style=\"background-color:#c19b76\" class=\"nd_options_cursor_pointer nd_options_text_align_center nd_options_toogle_title_close_238 nd_options_width_25 nd_options_display_none nd_options_height_25  nd_options_position_absolute nd_options_top_0 nd_options_left_0\">\n            <img decoding=\"async\" alt=\"\" class=\"nd_options_margin_top_6\" width=\"12\" src=\"https:\/\/loperadeluxehotel.com\/wp-content\/plugins\/nd-shortcodes\/shortcodes\/custom\/toogle\/icon-less-white.png\">\n          <\/span>\n          Rezervasyonumu iptal etmem veya de\u011fi\u015fiklik yapmam m\u00fcmk\u00fcn m\u00fc?\n        <\/p>\n      <\/div>\n      \n      <div class=\"nd_options_display_none nd_options_padding_20 nd_options_padding_left_45 nd_options_toogle_content_238 nd_options_section nd_options_box_sizing_border_box\">\n        <p>Tabi ki, bu kolay bir i\u015flemdir. Rezervasyonunuzu iptal edebilme veya de\u011fi\u015ftirebilme hakk\u0131na sahipsiniz. Ancak Rezervasyonunuzda herhangi bir de\u011fi\u015fiklik yapmadan \u00f6nce tesisin iptal ko\u015fulunu kontrol etmeyi unutmaman\u0131z\u0131 tavsiye ediyoruz. \u0130adesi m\u00fcmk\u00fcn olmayan odalar ve di\u011fer \u00f6zel f\u0131rsatlarda farkl\u0131 iptal ko\u015fullar\u0131 uygulan\u0131yor olabilir. Odaya \u00f6zel iptal bilgileri oda tipinin yan\u0131nda g\u00f6sterilmektedir. Detayl\u0131 bilgi ve destek i\u00e7in ileti\u015fim numaras\u0131ndan ilgili birime ba\u011flanarak veya mail atarak konu hakk\u0131nda en g\u00fcncel bilgileri alabilirsiniz.<\/p>\n      <\/div>\n\n    <\/div>\n\n   <div style=\"background-color:;height: 20px\" class=\"nicdark_section\"><\/div><div style=\"background-color:;height: 20px\" class=\"nicdark_section\"><\/div><\/div><\/div><\/div><div class=\"wpb_column vc_column_container vc_col-sm-4\"><div class=\"vc_column-inner vc_custom_1486115020030\"><div class=\"wpb_wrapper\"><div style=\"background-color:;height: 20px\" class=\"nicdark_section\"><\/div><div class=\"vc_row wpb_row vc_inner vc_row-fluid\"><div class=\"wpb_column vc_column_container vc_col-sm-12 vc_col-has-fill\"><div class=\"vc_column-inner vc_custom_1502726150459\"><div class=\"wpb_wrapper\"> <h5 style=\"color:#ffffff;padding:px;text-align:center;font-size:12px;line-height:12px;letter-spacing: 2px;font-weight:lighter\" class=\"nd_options_second_font\">\u0130LET\u0130\u015e\u0130M<\/h5> <div style=\"background-color:;height: 10px\" class=\"nicdark_section\"><\/div> <h2 style=\"color:#ffffff;padding:px;text-align:center;font-size:25px;line-height:25px;letter-spacing: px;font-weight:normal\" class=\"nd_options_first_font\">Sorunuzu \u0130letin<\/h2> <div style=\"background-color:;height: 20px\" class=\"nicdark_section\"><\/div>\n\n    <!--start form-->\n    <div id=\"nd_options_shortcode_cf7_697\" class=\"nd_options_section\">\n      \n      <div class=\"nd_options_section nd_options_box_sizing_border_box\">\n        <div class=\"wpcf7\" id=\"wpcf7-f697-o1\" lang=\"en-US\" dir=\"ltr\">\n<div class=\"screen-reader-response\"><p role=\"status\" aria-live=\"polite\" aria-atomic=\"true\"><\/p> <ul><\/ul><\/div>\n<form action=\"\/en\/wp-json\/wp\/v2\/pages\/34#wpcf7-f697-o1\" method=\"post\" class=\"wpcf7-form init\" novalidate=\"novalidate\" data-status=\"init\" data-trp-original-action=\"\/en\/wp-json\/wp\/v2\/pages\/34#wpcf7-f697-o1\">\n<div>\n<input type=\"hidden\" name=\"_wpcf7\" value=\"697\" \/>\n<input type=\"hidden\" name=\"_wpcf7_version\" value=\"5.5.6\" \/>\n<input type=\"hidden\" name=\"_wpcf7_locale\" value=\"en_US\" \/>\n<input type=\"hidden\" name=\"_wpcf7_unit_tag\" value=\"wpcf7-f697-o1\" \/>\n<input type=\"hidden\" name=\"_wpcf7_container_post\" value=\"0\" \/>\n<input type=\"hidden\" name=\"_wpcf7_posted_data_hash\" value=\"\" \/>\n<\/div>\n<div class=\"nd_options_float_left nd_options_box_sizing_border_box nd_options_width_100_percentage_all_iphone_important nd_options_padding_0_right_important_all_iphone nd_options_padding_0_left_important_all_iphone\" style=\"padding: 0px 10px 15px 0px;width:100%\"><span class=\"wpcf7-form-control-wrap name-form\"><\/span><\/div><div class=\"nd_options_float_left nd_options_box_sizing_border_box nd_options_width_100_percentage_all_iphone_important nd_options_padding_0_right_important_all_iphone nd_options_padding_0_left_important_all_iphone\" style=\"padding: 0px 10px 15px 0px;width:100%\"><span class=\"wpcf7-form-control-wrap email\"><\/span><\/div><div class=\"nd_options_float_left nd_options_box_sizing_border_box nd_options_width_100_percentage_all_iphone_important nd_options_padding_0_right_important_all_iphone nd_options_padding_0_left_important_all_iphone\" style=\"padding: 0px 10px 15px 0px;width:100%\"><span class=\"wpcf7-form-control-wrap message\"><textarea name=\"message\" cols=\"40\" rows=\"5\" class=\"wpcf7-form-control wpcf7-textarea nd_booking_bg_greydark_2_important nd_booking_border_width_0_important nd_options_padding_10_20_important nd_options_margin_top_10 nd_options_font_weight_lighter\"><\/textarea><\/span><\/div><div class=\"nd_options_float_left nd_options_box_sizing_border_box nd_options_width_100_percentage_all_iphone_important nd_options_padding_0_right_important_all_iphone nd_options_padding_0_left_important_all_iphone\" style=\"padding: 0px 0px 0px 0px;width:100%\"><\/div>\n<div class=\"wpcf7-response-output\" aria-hidden=\"true\"><\/div><input type=\"hidden\" name=\"trp-form-language\" value=\"en\"\/><\/form><\/div> \n      <\/div>  \n\n    <\/div>\n    <!--end form-->\n\n   <\/div><\/div><\/div><\/div><div class=\"vc_row wpb_row vc_inner vc_row-fluid vc_custom_1650039503086 vc_row-has-fill\"><div class=\"wpb_column vc_column_container vc_col-sm-12 vc_col-has-fill\"><div class=\"vc_column-inner vc_custom_1512128282130\"><div class=\"wpb_wrapper\"> <h5 style=\"color:#ffffff;padding:px;text-align:center;font-size:12px;line-height:12px;letter-spacing: 2px;font-weight:lighter\" class=\"nd_options_second_font\"><\/h5> <div style=\"background-color:;height: 10px\" class=\"nicdark_section\"><\/div> <h2 style=\"color:#ffffff;padding:px;text-align:center;font-size:25px;line-height:25px;letter-spacing: px;font-weight:normal\" class=\"nd_options_first_font\">L'opera Deluxe Hotel<\/h2> <\/div><\/div><\/div><\/div><div style=\"background-color:;height: 20px\" class=\"nicdark_section\"><\/div><\/div><\/div><\/div><\/div>","protected":false},"excerpt":{"rendered":"SIK\u00c7A SORULAN SORULAR Online oda rezervasyonu nas\u0131l \u00f6denir? Ana sayfa \u00fczerinden konaklamay\u0131 d\u00fc\u015f\u00fcnd\u00fc\u011f\u00fcn\u00fcz tarihleri se\u00e7iyorsunuz, uygunlu\u011fu kontrol et k\u0131sm\u0131na t\u0131klad\u0131ktan sonra oda fiyatlar\u0131m\u0131z ve konsept odalar\u0131m\u0131z kar\u015f\u0131n\u0131za \u00e7\u0131kacakt\u0131r, istedi\u011finiz oda konseptini ve oda say\u0131s\u0131n\u0131 se\u00e7erek ileri a\u015famaya ge\u00e7iyorsunuz, bu k\u0131s\u0131mda bilgilerinizi doldurman\u0131z gerekmektesiniz, bilgilerinizi doldurduktan sonra \u00f6deme alan\u0131na y\u00f6nlendirileceksiniz, nas\u0131l \u00f6deme yapmak istedi\u011finizi se\u00e7tikten sonra [...]","protected":false},"author":2,"featured_media":0,"parent":0,"menu_order":0,"comment_status":"closed","ping_status":"closed","template":"","meta":{"om_disable_all_campaigns":false,"_monsterinsights_skip_tracking":false,"_monsterinsights_sitenote_active":false,"_monsterinsights_sitenote_note":"","_monsterinsights_sitenote_category":0,"footnotes":""},"class_list":["post-34","page","type-page","status-publish","hentry"],"aioseo_notices":[],"_links":{"self":[{"href":"https:\/\/loperadeluxehotel.com\/en\/wp-json\/wp\/v2\/pages\/34","targetHints":{"allow":["GET"]}}],"collection":[{"href":"https:\/\/loperadeluxehotel.com\/en\/wp-json\/wp\/v2\/pages"}],"about":[{"href":"https:\/\/loperadeluxehotel.com\/en\/wp-json\/wp\/v2\/types\/page"}],"author":[{"embeddable":true,"href":"https:\/\/loperadeluxehotel.com\/en\/wp-json\/wp\/v2\/users\/2"}],"replies":[{"embeddable":true,"href":"https:\/\/loperadeluxehotel.com\/en\/wp-json\/wp\/v2\/comments?post=34"}],"version-history":[{"count":0,"href":"https:\/\/loperadeluxehotel.com\/en\/wp-json\/wp\/v2\/pages\/34\/revisions"}],"wp:attachment":[{"href":"https:\/\/loperadeluxehotel.com\/en\/wp-json\/wp\/v2\/media?parent=34"}],"curies":[{"name":"wp","href":"https:\/\/api.w.org\/{rel}","templated":true}]}}