{"id":412,"date":"2017-07-19T08:30:52","date_gmt":"2017-07-19T05:30:52","guid":{"rendered":"http:\/\/www.nicdarkthemes.com\/themes\/hotel\/wp\/demo\/?page_id=412"},"modified":"2022-04-17T23:39:27","modified_gmt":"2022-04-17T20:39:27","slug":"cafe-bistro","status":"publish","type":"page","link":"https:\/\/loperadeluxehotel.com\/en\/cafe-bistro\/","title":{"rendered":"Cafe-Bistro"},"content":{"rendered":"<div data-vc-full-width=\"true\" data-vc-full-width-init=\"false\" class=\"vc_row wpb_row vc_row-fluid vc_custom_1504182210876\"><div class=\"wpb_column vc_column_container vc_col-sm-12\"><div class=\"vc_column-inner\"><div class=\"wpb_wrapper\"> <h6 style=\"color:#878787;padding:px;text-align:center;font-size:12px;line-height:12px;letter-spacing: 2px;font-weight:lighter\" class=\"nd_options_second_font\">MAIN DISHES<\/h6> <div style=\"background-color:;height: 10px\" class=\"nicdark_section\"><\/div>\n    <div class=\"nd_options_section nd_options_line_height_0  nd_options_text_align_center\">\n        <span style=\"height:1px;width:30px;background-color:#878787\" class=\"nd_options_display_inline_block\"><\/span>\n    <\/div>\n   <div style=\"background-color:;height: 30px\" class=\"nicdark_section\"><\/div> <h1 style=\"color:#1c1c1c;padding:px;text-align:center;font-size:55px;line-height:px;letter-spacing: px;font-weight:normal\" class=\"nd_options_font_size_40_important_all_iphone nd_options_line_height_40_important_all_iphone nd_options_first_font\">Men\u00fcm\u00fcz<\/h1> <div style=\"background-color:;height: 35px\" class=\"nicdark_section\"><\/div><\/div><\/div><\/div><\/div><div class=\"vc_row-full-width vc_clearfix\"><\/div><div class=\"vc_row wpb_row vc_row-fluid vc_custom_1493221721110\"><div class=\"wpb_column vc_column_container vc_col-sm-6\"><div class=\"vc_column-inner\"><div class=\"wpb_wrapper\"><div style=\"background-color:;height: 15px\" class=\"nicdark_section\"><\/div>\n    <div class=\"nd_options_list_component_l1 nd_options_section nd_options_position_relative nd_options_list_restaurant\">\n\n        \n        \n        <div class=\"nd_options_section nd_options_height_15\"><\/div>\n        <div class=\"nd_options_section nd_options_position_relative\">\n            <div class=\"nd_options_position_absolute nd_options_height_3 nd_options_width_100_percentage nd_options_bottom_2 nd_options_border_bottom_2_dotted_grey\"><\/div>\n            <h4 class=\"nd_options_bg_white nd_options_float_left nd_options_position_relative nd_options_padding_right_10\"><strong>LOREM IPSUM<\/strong><\/h4>\n            <h4 class=\"nd_options_bg_white nd_options_float_right nd_options_position_relative nd_options_padding_left_10\"><strong>$ 12<\/strong><\/h4>\n        <\/div>\n        <div class=\"nd_options_section nd_options_height_10\"><\/div>\n        <div class=\"nd_options_section\">\n            <p class=\"nd_options_font_weight_lighter nd_options_float_left\">Lorem ipsum dolor sit amet<\/p>\n            <p style=\"background-color:\" class=\"nd_options_color_grey nd_options_border_1_solid_grey nd_options_display_inline_block nd_options_first_font nd_options_padding_5_10 nd_options_border_radius_15 nd_options_float_right nd_options_font_size_13\">NEW<\/p>\n        <\/div>\n    <\/div>\n  <div style=\"background-color:;height: 30px\" class=\"nicdark_section\"><\/div>\n    <div class=\"nd_options_list_component_l1 nd_options_section nd_options_position_relative nd_options_list_restaurant\">\n\n        <img decoding=\"async\" alt=\"\" class=\"nd_options_position_absolute nd_options_left_0 nd_options_position_initial_all_iphone nd_options_width_100_percentage_all_iphone nd_options_z_index_9\" width=\"80\" src=\"https:\/\/loperadeluxehotel.com\/wp-content\/uploads\/2017\/11\/food-2.jpg\">\n        \n        <div class=\"nd_options_section nd_options_height_15\"><\/div>\n        <div class=\"nd_options_section nd_options_position_relative\">\n            <div class=\"nd_options_position_absolute nd_options_height_3 nd_options_width_100_percentage nd_options_bottom_2 nd_options_border_bottom_2_dotted_grey\"><\/div>\n            <h4 class=\"nd_options_padding_left_100 nd_options_padding_0_all_iphone nd_options_bg_white nd_options_float_left nd_options_position_relative nd_options_padding_right_10\"><strong>LOREM IPSUM<\/strong><\/h4>\n            <h4 class=\"nd_options_bg_white nd_options_float_right nd_options_position_relative nd_options_padding_left_10\"><strong>$ 12<\/strong><\/h4>\n        <\/div>\n        <div class=\"nd_options_section nd_options_height_10\"><\/div>\n        <div class=\"nd_options_section\">\n            <p class=\"nd_options_padding_left_100 nd_options_padding_0_all_iphone nd_options_font_weight_lighter nd_options_float_left\">Lorem ipsum dolor sit amet<\/p>\n            <p style=\"background-color:\" class=\"nd_options_color_grey nd_options_border_1_solid_grey nd_options_display_inline_block nd_options_first_font nd_options_padding_5_10 nd_options_border_radius_15 nd_options_float_right nd_options_font_size_13\">NEW<\/p>\n        <\/div>\n    <\/div>\n  <div style=\"background-color:;height: 30px\" class=\"nicdark_section\"><\/div>\n    <div class=\"nd_options_list_component_l1 nd_options_section nd_options_position_relative nd_options_list_restaurant\">\n\n        <img decoding=\"async\" alt=\"\" class=\"nd_options_position_absolute nd_options_left_0 nd_options_position_initial_all_iphone nd_options_width_100_percentage_all_iphone nd_options_z_index_9\" width=\"80\" src=\"https:\/\/loperadeluxehotel.com\/wp-content\/uploads\/2017\/11\/food-3.jpg\">\n        \n        <div class=\"nd_options_section nd_options_height_15\"><\/div>\n        <div class=\"nd_options_section nd_options_position_relative\">\n            <div class=\"nd_options_position_absolute nd_options_height_3 nd_options_width_100_percentage nd_options_bottom_2 nd_options_border_bottom_2_dotted_grey\"><\/div>\n            <h4 class=\"nd_options_padding_left_100 nd_options_padding_0_all_iphone nd_options_bg_white nd_options_float_left nd_options_position_relative nd_options_padding_right_10\"><strong>LOREM IPSUM<\/strong><\/h4>\n            <h4 class=\"nd_options_bg_white nd_options_float_right nd_options_position_relative nd_options_padding_left_10\"><strong>$ 12<\/strong><\/h4>\n        <\/div>\n        <div class=\"nd_options_section nd_options_height_10\"><\/div>\n        <div class=\"nd_options_section\">\n            <p class=\"nd_options_padding_left_100 nd_options_padding_0_all_iphone nd_options_font_weight_lighter nd_options_float_left\">Lorem ipsum dolor sit amet<\/p>\n            <p style=\"background-color:\" class=\"nd_options_color_grey nd_options_border_1_solid_grey nd_options_display_inline_block nd_options_first_font nd_options_padding_5_10 nd_options_border_radius_15 nd_options_float_right nd_options_font_size_13\">NEW<\/p>\n        <\/div>\n    <\/div>\n  <div style=\"background-color:;height: 30px\" class=\"nicdark_section\"><\/div>\n    <div class=\"nd_options_list_component_l1 nd_options_section nd_options_position_relative nd_options_list_restaurant\">\n\n        <img decoding=\"async\" alt=\"\" class=\"nd_options_position_absolute nd_options_left_0 nd_options_position_initial_all_iphone nd_options_width_100_percentage_all_iphone nd_options_z_index_9\" width=\"80\" src=\"https:\/\/loperadeluxehotel.com\/wp-content\/uploads\/2017\/11\/food-4.jpg\">\n        \n        <div class=\"nd_options_section nd_options_height_15\"><\/div>\n        <div class=\"nd_options_section nd_options_position_relative\">\n            <div class=\"nd_options_position_absolute nd_options_height_3 nd_options_width_100_percentage nd_options_bottom_2 nd_options_border_bottom_2_dotted_grey\"><\/div>\n            <h4 class=\"nd_options_padding_left_100 nd_options_padding_0_all_iphone nd_options_bg_white nd_options_float_left nd_options_position_relative nd_options_padding_right_10\"><strong>LOREM IPSUM<\/strong><\/h4>\n            <h4 class=\"nd_options_bg_white nd_options_float_right nd_options_position_relative nd_options_padding_left_10\"><strong>$ 12<\/strong><\/h4>\n        <\/div>\n        <div class=\"nd_options_section nd_options_height_10\"><\/div>\n        <div class=\"nd_options_section\">\n            <p class=\"nd_options_padding_left_100 nd_options_padding_0_all_iphone nd_options_font_weight_lighter nd_options_float_left\">Lorem ipsum dolor sit amet<\/p>\n            <p style=\"background-color:\" class=\"nd_options_color_grey nd_options_border_1_solid_grey nd_options_display_inline_block nd_options_first_font nd_options_padding_5_10 nd_options_border_radius_15 nd_options_float_right nd_options_font_size_13\">NEW<\/p>\n        <\/div>\n    <\/div>\n  <div style=\"background-color:;height: 15px\" class=\"nicdark_section\"><\/div><\/div><\/div><\/div><div class=\"wpb_column vc_column_container vc_col-sm-6\"><div class=\"vc_column-inner\"><div class=\"wpb_wrapper\"><div style=\"background-color:;height: 15px\" class=\"nicdark_section\"><\/div>\n    <div class=\"nd_options_list_component_l1 nd_options_section nd_options_position_relative nd_options_list_restaurant\">\n\n        <img decoding=\"async\" alt=\"\" class=\"nd_options_position_absolute nd_options_left_0 nd_options_position_initial_all_iphone nd_options_width_100_percentage_all_iphone nd_options_z_index_9\" width=\"80\" src=\"https:\/\/loperadeluxehotel.com\/wp-content\/uploads\/2017\/11\/food-5.jpg\">\n        \n        <div class=\"nd_options_section nd_options_height_15\"><\/div>\n        <div class=\"nd_options_section nd_options_position_relative\">\n            <div class=\"nd_options_position_absolute nd_options_height_3 nd_options_width_100_percentage nd_options_bottom_2 nd_options_border_bottom_2_dotted_grey\"><\/div>\n            <h4 class=\"nd_options_padding_left_100 nd_options_padding_0_all_iphone nd_options_bg_white nd_options_float_left nd_options_position_relative nd_options_padding_right_10\"><strong>LOREM IPSUM<\/strong><\/h4>\n            <h4 class=\"nd_options_bg_white nd_options_float_right nd_options_position_relative nd_options_padding_left_10\"><strong>$ 12<\/strong><\/h4>\n        <\/div>\n        <div class=\"nd_options_section nd_options_height_10\"><\/div>\n        <div class=\"nd_options_section\">\n            <p class=\"nd_options_padding_left_100 nd_options_padding_0_all_iphone nd_options_font_weight_lighter nd_options_float_left\">Lorem ipsum dolor sit amet<\/p>\n            <p style=\"background-color:\" class=\"nd_options_color_grey nd_options_border_1_solid_grey nd_options_display_inline_block nd_options_first_font nd_options_padding_5_10 nd_options_border_radius_15 nd_options_float_right nd_options_font_size_13\">NEW<\/p>\n        <\/div>\n    <\/div>\n  <div style=\"background-color:;height: 30px\" class=\"nicdark_section\"><\/div>\n    <div class=\"nd_options_list_component_l1 nd_options_section nd_options_position_relative nd_options_list_restaurant\">\n\n        <img decoding=\"async\" alt=\"\" class=\"nd_options_position_absolute nd_options_left_0 nd_options_position_initial_all_iphone nd_options_width_100_percentage_all_iphone nd_options_z_index_9\" width=\"80\" src=\"https:\/\/loperadeluxehotel.com\/wp-content\/uploads\/2017\/11\/food-6.jpg\">\n        \n        <div class=\"nd_options_section nd_options_height_15\"><\/div>\n        <div class=\"nd_options_section nd_options_position_relative\">\n            <div class=\"nd_options_position_absolute nd_options_height_3 nd_options_width_100_percentage nd_options_bottom_2 nd_options_border_bottom_2_dotted_grey\"><\/div>\n            <h4 class=\"nd_options_padding_left_100 nd_options_padding_0_all_iphone nd_options_bg_white nd_options_float_left nd_options_position_relative nd_options_padding_right_10\"><strong>LOREM IPSUM<\/strong><\/h4>\n            <h4 class=\"nd_options_bg_white nd_options_float_right nd_options_position_relative nd_options_padding_left_10\"><strong>$ 12<\/strong><\/h4>\n        <\/div>\n        <div class=\"nd_options_section nd_options_height_10\"><\/div>\n        <div class=\"nd_options_section\">\n            <p class=\"nd_options_padding_left_100 nd_options_padding_0_all_iphone nd_options_font_weight_lighter nd_options_float_left\">Lorem ipsum dolor sit amet<\/p>\n            <p style=\"background-color:\" class=\"nd_options_color_grey nd_options_border_1_solid_grey nd_options_display_inline_block nd_options_first_font nd_options_padding_5_10 nd_options_border_radius_15 nd_options_float_right nd_options_font_size_13\">NEW<\/p>\n        <\/div>\n    <\/div>\n  <div style=\"background-color:;height: 30px\" class=\"nicdark_section\"><\/div>\n    <div class=\"nd_options_list_component_l1 nd_options_section nd_options_position_relative nd_options_list_restaurant\">\n\n        <img decoding=\"async\" alt=\"\" class=\"nd_options_position_absolute nd_options_left_0 nd_options_position_initial_all_iphone nd_options_width_100_percentage_all_iphone nd_options_z_index_9\" width=\"80\" src=\"https:\/\/loperadeluxehotel.com\/wp-content\/uploads\/2017\/11\/food-7.jpg\">\n        \n        <div class=\"nd_options_section nd_options_height_15\"><\/div>\n        <div class=\"nd_options_section nd_options_position_relative\">\n            <div class=\"nd_options_position_absolute nd_options_height_3 nd_options_width_100_percentage nd_options_bottom_2 nd_options_border_bottom_2_dotted_grey\"><\/div>\n            <h4 class=\"nd_options_padding_left_100 nd_options_padding_0_all_iphone nd_options_bg_white nd_options_float_left nd_options_position_relative nd_options_padding_right_10\"><strong>LOREM IPSUM<\/strong><\/h4>\n            <h4 class=\"nd_options_bg_white nd_options_float_right nd_options_position_relative nd_options_padding_left_10\"><strong>$ 12<\/strong><\/h4>\n        <\/div>\n        <div class=\"nd_options_section nd_options_height_10\"><\/div>\n        <div class=\"nd_options_section\">\n            <p class=\"nd_options_padding_left_100 nd_options_padding_0_all_iphone nd_options_font_weight_lighter nd_options_float_left\">Lorem ipsum dolor sit amet<\/p>\n            <p style=\"background-color:\" class=\"nd_options_color_grey nd_options_border_1_solid_grey nd_options_display_inline_block nd_options_first_font nd_options_padding_5_10 nd_options_border_radius_15 nd_options_float_right nd_options_font_size_13\">NEW<\/p>\n        <\/div>\n    <\/div>\n  <div style=\"background-color:;height: 30px\" class=\"nicdark_section\"><\/div>\n    <div class=\"nd_options_list_component_l1 nd_options_section nd_options_position_relative nd_options_list_restaurant\">\n\n        <img decoding=\"async\" alt=\"\" class=\"nd_options_position_absolute nd_options_left_0 nd_options_position_initial_all_iphone nd_options_width_100_percentage_all_iphone nd_options_z_index_9\" width=\"80\" src=\"https:\/\/loperadeluxehotel.com\/wp-content\/uploads\/2017\/11\/food-8.jpg\">\n        \n        <div class=\"nd_options_section nd_options_height_15\"><\/div>\n        <div class=\"nd_options_section nd_options_position_relative\">\n            <div class=\"nd_options_position_absolute nd_options_height_3 nd_options_width_100_percentage nd_options_bottom_2 nd_options_border_bottom_2_dotted_grey\"><\/div>\n            <h4 class=\"nd_options_padding_left_100 nd_options_padding_0_all_iphone nd_options_bg_white nd_options_float_left nd_options_position_relative nd_options_padding_right_10\"><strong>LOREM IPSUM<\/strong><\/h4>\n            <h4 class=\"nd_options_bg_white nd_options_float_right nd_options_position_relative nd_options_padding_left_10\"><strong>$ 12<\/strong><\/h4>\n        <\/div>\n        <div class=\"nd_options_section nd_options_height_10\"><\/div>\n        <div class=\"nd_options_section\">\n            <p class=\"nd_options_padding_left_100 nd_options_padding_0_all_iphone nd_options_font_weight_lighter nd_options_float_left\">Lorem ipsum dolor sit amet<\/p>\n            <p style=\"background-color:\" class=\"nd_options_color_grey nd_options_border_1_solid_grey nd_options_display_inline_block nd_options_first_font nd_options_padding_5_10 nd_options_border_radius_15 nd_options_float_right nd_options_font_size_13\">NEW<\/p>\n        <\/div>\n    <\/div>\n  <div style=\"background-color:;height: 15px\" class=\"nicdark_section\"><\/div><\/div><\/div><\/div><\/div><div class=\"vc_row wpb_row vc_row-fluid vc_custom_1492597164607\"><div class=\"wpb_column vc_column_container vc_col-sm-3 vc_col-has-fill\"><div class=\"vc_column-inner vc_custom_1492595600782\"><div class=\"wpb_wrapper\">\n    <div style=\"text-align:center\" class=\"nd_options_section\">\n      <img decoding=\"async\" alt=\"\" style=\"width:70px\" class=\"nd_options_margin_0 nd_options_padding_0\" src=\"https:\/\/loperadeluxehotel.com\/wp-content\/uploads\/2017\/07\/icon-17.png\">\n    <\/div>\n   <div style=\"background-color:;height: 10px\" class=\"nicdark_section\"><\/div> <h4 style=\"color:#878787;padding:px;text-align:center;font-size:15px;line-height:15px;letter-spacing: 2px;font-weight:lighter\" class=\"nd_options_second_font\">ULUSLARARASI MUTFAK<\/h4> <\/div><\/div><\/div><div class=\"wpb_column vc_column_container vc_col-sm-3 vc_col-has-fill\"><div class=\"vc_column-inner vc_custom_1492595593581\"><div class=\"wpb_wrapper\">\n    <div style=\"text-align:center\" class=\"nd_options_section\">\n      <img decoding=\"async\" alt=\"\" style=\"width:70px\" class=\"nd_options_margin_0 nd_options_padding_0\" src=\"https:\/\/loperadeluxehotel.com\/wp-content\/uploads\/2017\/07\/icon-13.png\">\n    <\/div>\n   <div style=\"background-color:;height: 10px\" class=\"nicdark_section\"><\/div> <h4 style=\"color:#878787;padding:px;text-align:center;font-size:15px;line-height:15px;letter-spacing: 2px;font-weight:lighter\" class=\"nd_options_second_font\">KOKTEYL<\/h4> <\/div><\/div><\/div><div class=\"wpb_column vc_column_container vc_col-sm-3 vc_col-has-fill\"><div class=\"vc_column-inner vc_custom_1492595611356\"><div class=\"wpb_wrapper\">\n    <div style=\"text-align:center\" class=\"nd_options_section\">\n      <img decoding=\"async\" alt=\"\" style=\"width:70px\" class=\"nd_options_margin_0 nd_options_padding_0\" src=\"https:\/\/loperadeluxehotel.com\/wp-content\/uploads\/2017\/07\/icon-14.png\">\n    <\/div>\n   <div style=\"background-color:;height: 10px\" class=\"nicdark_section\"><\/div> <h4 style=\"color:#878787;padding:px;text-align:center;font-size:15px;line-height:15px;letter-spacing: 2px;font-weight:lighter\" class=\"nd_options_second_font\">S\u0130GARA \u0130\u00c7\u0130LMEZ<\/h4> <\/div><\/div><\/div><div class=\"wpb_column vc_column_container vc_col-sm-3 vc_col-has-fill\"><div class=\"vc_column-inner vc_custom_1492595624416\"><div class=\"wpb_wrapper\">\n    <div style=\"text-align:center\" class=\"nd_options_section\">\n      <img decoding=\"async\" alt=\"\" style=\"width:70px\" class=\"nd_options_margin_0 nd_options_padding_0\" src=\"https:\/\/loperadeluxehotel.com\/wp-content\/uploads\/2017\/07\/icon-11-1.png\">\n    <\/div>\n   <div style=\"background-color:;height: 10px\" class=\"nicdark_section\"><\/div> <h4 style=\"color:#878787;padding:px;text-align:center;font-size:15px;line-height:15px;letter-spacing: 2px;font-weight:lighter\" class=\"nd_options_second_font\">KAZ DA\u011eI MANZARALI<\/h4> <\/div><\/div><\/div><\/div><div id=\"nd_options_booking_form\" data-vc-full-width=\"true\" data-vc-full-width-init=\"false\" data-vc-parallax=\"1.5\" data-vc-parallax-image=\"https:\/\/loperadeluxehotel.com\/wp-content\/uploads\/2017\/11\/parallax-13.jpg\" class=\"vc_row wpb_row vc_row-fluid nd_options_vc_parallax_filter_1_3 vc_custom_1511455772690 vc_row-has-fill vc_general vc_parallax vc_parallax-content-moving\"><div class=\"wpb_column vc_column_container vc_col-sm-3\"><div class=\"vc_column-inner\"><div class=\"wpb_wrapper\"><\/div><\/div><\/div><div class=\"wpb_column vc_column_container vc_col-sm-6 vc_col-has-fill\"><div class=\"vc_column-inner vc_custom_1501083346588\"><div class=\"wpb_wrapper\"> <h6 style=\"color:#ffffff;padding:px;text-align:center;font-size:12px;line-height:12px;letter-spacing: 2px;font-weight:lighter\" class=\"nd_options_second_font\">Lopera Deluxe Hotel<\/h6> <div style=\"background-color:;height: 10px\" class=\"nicdark_section\"><\/div>\n    <div class=\"nd_options_section nd_options_line_height_0  nd_options_text_align_center\">\n        <span style=\"height:1px;width:30px;background-color:#878787\" class=\"nd_options_display_inline_block\"><\/span>\n    <\/div>\n   <div style=\"background-color:;height: 30px\" class=\"nicdark_section\"><\/div> <h1 style=\"color:#ffffff;padding:px;text-align:center;font-size:35px;line-height:35px;letter-spacing: px;font-weight:normal\" class=\"nd_options_first_font\">REZERVASYON<\/h1> <div style=\"background-color:;height: 30px\" class=\"nicdark_section\"><\/div>\n\n    <!--start form-->\n    <div id=\"nd_options_shortcode_cf7_1065\" class=\"nd_options_section\">\n      \n      <div class=\"nd_options_section nd_options_box_sizing_border_box\">\n        <div class=\"wpcf7\" id=\"wpcf7-f1065-o1\" lang=\"en-US\" dir=\"ltr\">\n<div class=\"screen-reader-response\"><p role=\"status\" aria-live=\"polite\" aria-atomic=\"true\"><\/p> <ul><\/ul><\/div>\n<form action=\"\/en\/wp-json\/wp\/v2\/pages\/412#wpcf7-f1065-o1\" method=\"post\" class=\"wpcf7-form init\" novalidate=\"novalidate\" data-status=\"init\" data-trp-original-action=\"\/en\/wp-json\/wp\/v2\/pages\/412#wpcf7-f1065-o1\">\n<div>\n<input type=\"hidden\" name=\"_wpcf7\" value=\"1065\" \/>\n<input type=\"hidden\" name=\"_wpcf7_version\" value=\"5.5.6\" \/>\n<input type=\"hidden\" name=\"_wpcf7_locale\" value=\"en_US\" \/>\n<input type=\"hidden\" name=\"_wpcf7_unit_tag\" value=\"wpcf7-f1065-o1\" \/>\n<input type=\"hidden\" name=\"_wpcf7_container_post\" value=\"0\" \/>\n<input type=\"hidden\" name=\"_wpcf7_posted_data_hash\" value=\"\" \/>\n<\/div>\n<div class=\"nd_options_float_left nd_options_box_sizing_border_box nd_options_width_100_percentage_all_iphone_important nd_options_padding_0_right_important_all_iphone nd_options_padding_0_left_important_all_iphone\" style=\"padding: 0px 10px 15px 0px;width:100%\"><span class=\"wpcf7-form-control-wrap name-form\"><\/span><\/div><div class=\"nd_options_float_left nd_options_box_sizing_border_box nd_options_width_100_percentage_all_iphone_important nd_options_padding_0_right_important_all_iphone nd_options_padding_0_left_important_all_iphone\" style=\"padding: 0px 10px 15px 0px;width:100%\"><span class=\"wpcf7-form-control-wrap email\"><\/span><\/div><div class=\"nd_options_float_left nd_options_box_sizing_border_box nd_options_width_100_percentage_all_iphone_important nd_options_padding_0_right_important_all_iphone nd_options_padding_0_left_important_all_iphone\" style=\"padding: 0px 10px 15px 0px;width:100%\"><span class=\"wpcf7-form-control-wrap message\"><textarea name=\"message\" cols=\"40\" rows=\"5\" class=\"wpcf7-form-control wpcf7-textarea nd_booking_bg_greydark_2_important nd_booking_border_width_0_important nd_options_padding_10_20_important nd_options_margin_top_10 nd_options_font_weight_lighter\"><\/textarea><\/span><\/div><div class=\"nd_options_float_left nd_options_box_sizing_border_box nd_options_width_100_percentage_all_iphone_important nd_options_padding_0_right_important_all_iphone nd_options_padding_0_left_important_all_iphone\" style=\"padding: 0px 0px 0px 0px;width:100%\"><\/div>\n<div class=\"wpcf7-response-output\" aria-hidden=\"true\"><\/div><input type=\"hidden\" name=\"trp-form-language\" value=\"en\"\/><\/form><\/div> \n      <\/div>  \n\n    <\/div>\n    <!--end form-->\n\n   <\/div><\/div><\/div><div class=\"wpb_column vc_column_container vc_col-sm-3\"><div class=\"vc_column-inner\"><div class=\"wpb_wrapper\"><\/div><\/div><\/div><\/div><div class=\"vc_row-full-width vc_clearfix\"><\/div>","protected":false},"excerpt":{"rendered":"MAIN DISHES Men\u00fcm\u00fcz LOREM IPSUM $ 12 Lorem ipsum dolor sit amet NEW LOREM IPSUM $ 12 Lorem ipsum dolor sit amet NEW LOREM IPSUM $ 12 Lorem ipsum dolor sit amet NEW LOREM IPSUM $ 12 Lorem ipsum dolor sit amet NEW LOREM IPSUM $ 12 Lorem ipsum dolor sit amet NEW LOREM IPSUM [...]","protected":false},"author":2,"featured_media":0,"parent":0,"menu_order":0,"comment_status":"closed","ping_status":"closed","template":"","meta":{"om_disable_all_campaigns":false,"_monsterinsights_skip_tracking":false,"_monsterinsights_sitenote_active":false,"_monsterinsights_sitenote_note":"","_monsterinsights_sitenote_category":0,"footnotes":""},"class_list":["post-412","page","type-page","status-publish","hentry"],"aioseo_notices":[],"_links":{"self":[{"href":"https:\/\/loperadeluxehotel.com\/en\/wp-json\/wp\/v2\/pages\/412","targetHints":{"allow":["GET"]}}],"collection":[{"href":"https:\/\/loperadeluxehotel.com\/en\/wp-json\/wp\/v2\/pages"}],"about":[{"href":"https:\/\/loperadeluxehotel.com\/en\/wp-json\/wp\/v2\/types\/page"}],"author":[{"embeddable":true,"href":"https:\/\/loperadeluxehotel.com\/en\/wp-json\/wp\/v2\/users\/2"}],"replies":[{"embeddable":true,"href":"https:\/\/loperadeluxehotel.com\/en\/wp-json\/wp\/v2\/comments?post=412"}],"version-history":[{"count":0,"href":"https:\/\/loperadeluxehotel.com\/en\/wp-json\/wp\/v2\/pages\/412\/revisions"}],"wp:attachment":[{"href":"https:\/\/loperadeluxehotel.com\/en\/wp-json\/wp\/v2\/media?parent=412"}],"curies":[{"name":"wp","href":"https:\/\/api.w.org\/{rel}","templated":true}]}}